{"id":4859,"date":"2021-01-13T12:14:46","date_gmt":"2021-01-13T11:14:46","guid":{"rendered":"https:\/\/www.cherifchalakani.com\/espacios-nacientes-5a-year-cycle-of-5-meetings\/"},"modified":"2021-03-09T15:44:14","modified_gmt":"2021-03-09T14:44:14","slug":"espacios-nacientes-5a-year-cycle-of-5-meetings","status":"publish","type":"page","link":"https:\/\/www.cherifchalakani.com\/en\/espacios-nacientes-5a-year-cycle-of-5-meetings\/","title":{"rendered":"Espacios Nacientes 5\u00aa year Cycle of 5 meetings"},"content":{"rendered":"<p>[et_pb_section fb_built=&#8221;1&#8243; admin_label=&#8221;Hero Section&#8221; _builder_version=&#8221;4.2.2&#8243; use_background_color_gradient=&#8221;on&#8221; background_color_gradient_start=&#8221;#ffffff&#8221; background_color_gradient_end=&#8221;rgba(12,113,195,0.4)&#8221; background_color_gradient_direction=&#8221;3deg&#8221; background_color_gradient_start_position=&#8221;12%&#8221; background_color_gradient_end_position=&#8221;12.4%&#8221; background_color_gradient_overlays_image=&#8221;on&#8221; background_image=&#8221;https:\/\/www.cherifchalakani.com\/wp-content\/uploads\/2020\/01\/test.jpg&#8221; background_position=&#8221;bottom_left&#8221; min_height_tablet=&#8221;&#8221; min_height_phone=&#8221;auto&#8221; min_height_last_edited=&#8221;on|desktop&#8221; custom_padding=&#8221;6%||17%||false|false&#8221;][et_pb_row admin_label=&#8221;Page Title Area&#8221; _builder_version=&#8221;3.25&#8243;][et_pb_column type=&#8221;4_4&#8243; _builder_version=&#8221;3.25&#8243; custom_padding=&#8221;|||&#8221; custom_padding__hover=&#8221;|||&#8221;][et_pb_text admin_label=&#8221;Baner t\u00edtulo&#8221; _builder_version=&#8221;3.27.4&#8243; text_font=&#8221;Montserrat||||||||&#8221; text_font_size=&#8221;18px&#8221; text_line_height=&#8221;1.8em&#8221; header_font=&#8221;Montserrat|600||on|||||&#8221; header_font_size=&#8221;48px&#8221; header_letter_spacing=&#8221;3px&#8221; header_line_height=&#8221;1.3em&#8221; header_2_font=&#8221;Montserrat|700|||||||&#8221; header_2_text_color=&#8221;rgba(255,255,255,0.6)&#8221; header_2_font_size=&#8221;90px&#8221; header_2_letter_spacing=&#8221;3px&#8221; header_2_line_height=&#8221;1.1em&#8221; text_orientation=&#8221;center&#8221; background_layout=&#8221;dark&#8221; max_width=&#8221;700px&#8221; module_alignment=&#8221;center&#8221; custom_margin=&#8221;|||&#8221; animation_style=&#8221;fade&#8221; animation_direction=&#8221;bottom&#8221; header_font_size_tablet=&#8221;&#8221; header_font_size_phone=&#8221;28px&#8221; header_font_size_last_edited=&#8221;on|phone&#8221; header_2_font_size_tablet=&#8221;&#8221; header_2_font_size_phone=&#8221;45px&#8221; header_2_font_size_last_edited=&#8221;on|phone&#8221;]<\/p>\n<h2>WORKSHOPS<\/h2>\n<h1>Espacios nacientes<\/h1>\n<p>[\/et_pb_text][\/et_pb_column][\/et_pb_row][\/et_pb_section][et_pb_section fb_built=&#8221;1&#8243; admin_label=&#8221;Quote Section&#8221; _builder_version=&#8221;4.2.2&#8243; background_color=&#8221;#ffffff&#8221; background_color_gradient_direction=&#8221;206deg&#8221; background_size=&#8221;initial&#8221; background_position=&#8221;bottom_right&#8221; background_blend=&#8221;darken&#8221; min_height=&#8221;3655px&#8221; custom_margin=&#8221;-81px||39px|||&#8221; custom_padding=&#8221;0px||18px||false|false&#8221;][et_pb_row custom_padding_last_edited=&#8221;on|phone&#8221; admin_label=&#8221;Quote Area&#8221; _builder_version=&#8221;4.2.2&#8243; background_color=&#8221;#f7f7f7&#8243; background_image=&#8221;https:\/\/www.cherifchalakani.com\/wp-content\/uploads\/2020\/05\/cherif-chalakani-espacios-nacientes-bkg-op-grey.png&#8221; parallax=&#8221;on&#8221; width=&#8221;100%&#8221; custom_margin=&#8221;94px||||false|false&#8221; custom_padding=&#8221;39px|50px|7px|50px|false|false&#8221; custom_padding_tablet=&#8221;&#8221; custom_padding_phone=&#8221;|20px|29px|20px&#8221;][et_pb_column type=&#8221;4_4&#8243; _builder_version=&#8221;4.2.2&#8243; custom_padding=&#8221;|||&#8221; custom_padding__hover=&#8221;|||&#8221;][et_pb_image src=&#8221;https:\/\/www.cherifchalakani.com\/wp-content\/uploads\/2020\/05\/cherif-chalakani-espacios-nacientes.png&#8221; _builder_version=&#8221;4.2.2&#8243; custom_padding=&#8221;32px||30px||false|false&#8221;][\/et_pb_image][et_pb_text admin_label=&#8221;MODULOS&#8221; _builder_version=&#8221;4.7.7&#8243; header_2_font=&#8221;Montserrat|600||on|||||&#8221; header_2_text_align=&#8221;center&#8221; header_2_font_size=&#8221;30px&#8221; header_2_line_height=&#8221;1.1em&#8221; custom_margin=&#8221;||5px|&#8221; custom_padding=&#8221;|1px|||false|false&#8221; custom_padding_tablet=&#8221;&#8221; custom_padding_phone=&#8221;|7px||7px|false|false&#8221; custom_padding_last_edited=&#8221;on|desktop&#8221; animation_style=&#8221;slide&#8221; animation_direction=&#8221;top&#8221; animation_intensity_slide=&#8221;20%&#8221; animation_starting_opacity=&#8221;100%&#8221;]<\/p>\n<h2 style=\"text-align: left\">One residential workshop<br \/> A week long workshop<\/h2>\n<p>[\/et_pb_text][et_pb_divider color=&#8221;#f46624&#8243; divider_weight=&#8221;3px&#8221; _builder_version=&#8221;4.2.2&#8243; max_width=&#8221;23px&#8221; module_alignment=&#8221;left&#8221; custom_margin=&#8221;||25px|&#8221; animation_style=&#8221;slide&#8221; animation_direction=&#8221;top&#8221; animation_intensity_slide=&#8221;20%&#8221; animation_starting_opacity=&#8221;100%&#8221;]<br \/>\n[\/et_pb_divider][et_pb_team_member admin_label=&#8221;Descripci\u00f3n&#8221; _builder_version=&#8221;4.7.7&#8243; header_level=&#8221;h6&#8243; header_font=&#8221;Raleway||||||||&#8221; body_font=&#8221;Roboto|300|||||||&#8221; body_text_align=&#8221;justify&#8221; body_font_size=&#8221;19px&#8221; body_line_height=&#8221;1.8em&#8221; vertical_offset_tablet=&#8221;0&#8243; horizontal_offset_tablet=&#8221;0&#8243; text_orientation=&#8221;left&#8221; custom_padding=&#8221;14px||0px|||&#8221; z_index_tablet=&#8221;0&#8243; header_text_shadow_horizontal_length_tablet=&#8221;0px&#8221; header_text_shadow_vertical_length_tablet=&#8221;0px&#8221; header_text_shadow_blur_strength_tablet=&#8221;1px&#8221; body_text_shadow_horizontal_length_tablet=&#8221;0px&#8221; body_text_shadow_vertical_length_tablet=&#8221;0px&#8221; body_text_shadow_blur_strength_tablet=&#8221;1px&#8221; position_text_shadow_horizontal_length_tablet=&#8221;0px&#8221; position_text_shadow_vertical_length_tablet=&#8221;0px&#8221; position_text_shadow_blur_strength_tablet=&#8221;1px&#8221; body_link_text_shadow_horizontal_length_tablet=&#8221;0px&#8221; body_link_text_shadow_vertical_length_tablet=&#8221;0px&#8221; body_link_text_shadow_blur_strength_tablet=&#8221;1px&#8221; body_ul_text_shadow_horizontal_length_tablet=&#8221;0px&#8221; body_ul_text_shadow_vertical_length_tablet=&#8221;0px&#8221; body_ul_text_shadow_blur_strength_tablet=&#8221;1px&#8221; body_ol_text_shadow_horizontal_length_tablet=&#8221;0px&#8221; body_ol_text_shadow_vertical_length_tablet=&#8221;0px&#8221; body_ol_text_shadow_blur_strength_tablet=&#8221;1px&#8221; body_quote_text_shadow_horizontal_length_tablet=&#8221;0px&#8221; body_quote_text_shadow_vertical_length_tablet=&#8221;0px&#8221; body_quote_text_shadow_blur_strength_tablet=&#8221;1px&#8221; box_shadow_horizontal_tablet=&#8221;0px&#8221; box_shadow_vertical_tablet=&#8221;0px&#8221; box_shadow_blur_tablet=&#8221;40px&#8221; box_shadow_spread_tablet=&#8221;0px&#8221; box_shadow_horizontal_image_tablet=&#8221;0px&#8221; box_shadow_vertical_image_tablet=&#8221;0px&#8221; box_shadow_blur_image_tablet=&#8221;40px&#8221; box_shadow_spread_image_tablet=&#8221;0px&#8221; text_shadow_horizontal_length_tablet=&#8221;0px&#8221; text_shadow_vertical_length_tablet=&#8221;0px&#8221; text_shadow_blur_strength_tablet=&#8221;1px&#8221;]<\/p>\n<h2><span style=\"color: #2c3f59\"><strong>SUMMARY<\/strong><\/span><\/h2>\n<p style=\"text-align: left\">the cycle has been canceled because of the pandemia Only a week long workshop will be presented and is open to all interested parties. +++<\/p>\n<p>&nbsp;<\/p>\n<h2 style=\"text-align: left\"><span style=\"color: #2c3f59\"><strong>+++<\/strong><\/span><\/h2>\n<p style=\"text-align: left\">+++++++++++++++ +++++++++++++++++++ +++++++++++++++++++++<\/p>\n<p style=\"text-align: left\">++++++++++++++++++++++++ +++++++++++++++++++++ +++++++++++++++++++++ ++++++++++++++++++ +++++++++++++++++++<\/p>\n<p style=\"text-align: left\">+++++++++++++++++++++<\/p>\n<blockquote>\n<p style=\"text-align: left\"><em>+++++++++++++++<\/em><\/p>\n<p style=\"text-align: left\"><em>++++++++++++++++++ +++++++++++++++++++++<\/em><\/p>\n<p><em> <\/em><\/p>\n<p><em><\/em><\/p>\n<\/blockquote>\n<p style=\"text-align: left\">+++++++++++++ +++++++++++++++++<\/p>\n<h2 style=\"text-align: left\"><\/h2>\n<p><strong style=\"font-family: Montserrat, Helvetica, Arial, Lucida, sans-serif;font-size: 26px;text-align: left;color: #2c3f59\"><br \/> THE TEAM<\/strong><\/p>\n<h4 style=\"text-align: left\"><strong style=\"color: #bf766f;font-size: 18px\">CHERIF CHALAKANI<\/strong><\/h4>\n<p style=\"text-align: left\">Director of Espacios Nacientes. Body centered psychotherapist ++++++++++++++ +++++++++++++ +++++++++++++ +++++++++++++ +++++++++++++<\/p>\n<p>&nbsp;<\/p>\n<h4 style=\"text-align: left\"><span style=\"color: #bf766f\"><strong>MONTSE DE PABLO<\/strong><\/span><\/h4>\n<p style=\"text-align: left\">Montse has a degree in Law from Universidad Central de Barcelona. has trained as a body psychotherapist specialising in Body Integration and Reichian Unblocking (Milvalley, CA). Maestr\u00eda en Terapia Familiar Sist\u00e9mica (Centro de Investigaciones Psicosociales CRISOL 1998-2000 M\u00e9xico). has a Masters Degree in Systemic Family Therapy (Centro de Investigaciones Psicosociales CRISOL, en M\u00e9xico).<\/p>\n<p>&nbsp;<\/p>\n<h4 style=\"text-align: left\"><span style=\"color: #bf766f\"><strong>MANUEL CUESTA<\/strong><\/span><\/h4>\n<p style=\"text-align: left\">Regular collaborator of Cherif Chalakani in Spain and Mexico for more than 10 years. Teaching collaborator at Espai Gestalt and Espai TCI. Collaborator at Alas Barcelona, Andr\u00e9s Waskman&#8217;s center, where he leads the Men in Movement group since 2017. Assistant in the SAT program and collaborates with the Hoffman Institute. He directs Paziencia, therapy and training center, since 2011.    <\/p>\n<p>&nbsp;<\/p>\n<h4 style=\"text-align: left\"><span style=\"color: #bf766f\"><strong>CARMEN CAST\u00c1N<\/strong><\/span><\/h4>\n<p style=\"text-align: left\">Clinical psychologist and individual and group therapist, she subtly combines a practice of psychomotricity and eutonia with a systemic intervention approach and family constellations. She participates as a teacher in various systemic and corporal trainings. She has been collaborating with Cherif in the workshops of Espacios Nacientes for five years.  <\/p>\n<h2 style=\"text-align: left\"><\/h2>\n<p><strong style=\"font-family: Montserrat, Helvetica, Arial, Lucida, sans-serif;font-size: 26px;text-align: left;color: #2c3f59\">DATE<\/strong><\/p>\n<p>Because of the pandemia only one residential workshop : <strong>31 de julio del 2021 al 7 de agosto del 2021<\/strong> <strong style=\"font-family: Montserrat, Helvetica, Arial, Lucida, sans-serif;font-size: 26px;text-align: left;color: #2c3f59\"><\/strong><\/p>\n<p style=\"text-align: left\"> <strong style=\"font-size: 26px;color: #2c3f59\"><br \/> M\u00c1S INFORMACI\u00d3N E INSCRIPCIONES<\/strong><strong><\/strong><\/p>\n<p style=\"text-align: left\"><span style=\"font-size: 19px\">Solicita m\u00e1s informaci\u00f3n sobre precios, fechas, y contenido del curso escribiendo a <\/span><a href=\"mailto:info@paziencia.com\" style=\"font-size: 19px\">info@paziencia.com<\/a><span style=\"font-size: 19px\"> (Ana Domingo), llamando al <\/span><a href=\"tel:\/\/616201507\" style=\"font-size: 19px\">616 20 15 07 <\/a><span style=\"font-size: 19px\">o rellenando el siguiente formulario.<\/span><\/p>\n<p>[\/et_pb_team_member][\/et_pb_column][\/et_pb_row][et_pb_row _builder_version=&#8221;4.2.2&#8243; background_color=&#8221;#f7f7f7&#8243; width=&#8221;100%&#8221; width_tablet=&#8221;&#8221; width_phone=&#8221;&#8221; width_last_edited=&#8221;on|phone&#8221; custom_margin=&#8221;||||false|false&#8221; custom_padding=&#8221;57px||37px||false|false&#8221;][et_pb_column type=&#8221;4_4&#8243; _builder_version=&#8221;4.2.2&#8243;][et_pb_contact_form email=&#8221;xxx&#8221; custom_message=&#8221;\/\/\/ CHERIF CHALAKANI \/\/\/||et_pb_line_break_holder|| Solicitud de informaci\u00f3n v\u00eda www.cherifchalakani.com||et_pb_line_break_holder||Ciclo de profundizaci\u00f3n Espacios Nacientes||et_pb_line_break_holder||||et_pb_line_break_holder||\/\/\/\/\/\/\/\/\/\/\/\/\/\/\/\/\/\/\/\/\/\/\/\/\/\/\/\/\/\/\/\/\/\/\/\/\/\/\/\/\/\/\/\/\/\/\/\/\/\/\/\/\/\/\/||et_pb_line_break_holder||||et_pb_line_break_holder||Nombre y apellidos : %%Nombre%%||et_pb_line_break_holder||||et_pb_line_break_holder||Email : %%Email%%||et_pb_line_break_holder||||et_pb_line_break_holder||Tel\u00e9fono: %%Telefono%%||et_pb_line_break_holder||||et_pb_line_break_holder||Mensaje: %%Mensaje%%:||et_pb_line_break_holder||||et_pb_line_break_holder||\/\/\/\/\/\/\/\/\/\/\/\/\/\/\/\/\/\/\/\/\/\/\/\/\/\/\/\/\/\/\/\/\/\/\/\/\/\/\/\/\/\/\/\/\/\/\/\/\/\/\/\/\/\/\/||et_pb_line_break_holder||||et_pb_line_break_holder||:)&#8221; success_message=&#8221;xxx We will get in touch shortly.&#8221; submit_button_text=&#8221;xxxx&#8221; _builder_version=&#8221;4.2.2&#8243; title_text_color=&#8221;#ffffff&#8221; title_font_size=&#8221;27px&#8221; form_field_font_size=&#8221;16px&#8221; custom_button=&#8221;on&#8221; button_text_color=&#8221;#ffffff&#8221; button_bg_color=&#8221;#5b97c0&#8243; button_border_color=&#8221;#5b97c0&#8243; button_use_icon=&#8221;off&#8221; text_orientation=&#8221;left&#8221; width=&#8221;100%&#8221; width_tablet=&#8221;&#8221; width_phone=&#8221;100%&#8221; width_last_edited=&#8221;on|phone&#8221; module_alignment=&#8221;center&#8221; custom_margin_tablet=&#8221;&#8221; custom_margin_phone=&#8221;&#8221; custom_margin_last_edited=&#8221;on|phone&#8221; custom_padding=&#8221;|20px||20px|false|false&#8221;][et_pb_contact_field field_id=&#8221;Nombre&#8221; field_title=&#8221;xxx&#8221; _builder_version=&#8221;4.2.2&#8243; button_text_size__hover_enabled=&#8221;off&#8221; button_one_text_size__hover_enabled=&#8221;off&#8221; button_two_text_size__hover_enabled=&#8221;off&#8221; button_text_color__hover_enabled=&#8221;off&#8221; button_one_text_color__hover_enabled=&#8221;off&#8221; button_two_text_color__hover_enabled=&#8221;off&#8221; button_border_width__hover_enabled=&#8221;off&#8221; button_one_border_width__hover_enabled=&#8221;off&#8221; button_two_border_width__hover_enabled=&#8221;off&#8221; button_border_color__hover_enabled=&#8221;off&#8221; button_one_border_color__hover_enabled=&#8221;off&#8221; button_two_border_color__hover_enabled=&#8221;off&#8221; button_border_radius__hover_enabled=&#8221;off&#8221; button_one_border_radius__hover_enabled=&#8221;off&#8221; button_two_border_radius__hover_enabled=&#8221;off&#8221; button_letter_spacing__hover_enabled=&#8221;off&#8221; button_one_letter_spacing__hover_enabled=&#8221;off&#8221; button_two_letter_spacing__hover_enabled=&#8221;off&#8221; button_bg_color__hover_enabled=&#8221;off&#8221; button_one_bg_color__hover_enabled=&#8221;off&#8221; button_two_bg_color__hover_enabled=&#8221;off&#8221;][\/et_pb_contact_field][et_pb_contact_field field_id=&#8221;Email&#8221; field_title=&#8221;xxx&#8221; field_type=&#8221;email&#8221; _builder_version=&#8221;4.2.2&#8243; button_text_size__hover_enabled=&#8221;off&#8221; button_one_text_size__hover_enabled=&#8221;off&#8221; button_two_text_size__hover_enabled=&#8221;off&#8221; button_text_color__hover_enabled=&#8221;off&#8221; button_one_text_color__hover_enabled=&#8221;off&#8221; button_two_text_color__hover_enabled=&#8221;off&#8221; button_border_width__hover_enabled=&#8221;off&#8221; button_one_border_width__hover_enabled=&#8221;off&#8221; button_two_border_width__hover_enabled=&#8221;off&#8221; button_border_color__hover_enabled=&#8221;off&#8221; button_one_border_color__hover_enabled=&#8221;off&#8221; button_two_border_color__hover_enabled=&#8221;off&#8221; button_border_radius__hover_enabled=&#8221;off&#8221; button_one_border_radius__hover_enabled=&#8221;off&#8221; button_two_border_radius__hover_enabled=&#8221;off&#8221; button_letter_spacing__hover_enabled=&#8221;off&#8221; button_one_letter_spacing__hover_enabled=&#8221;off&#8221; button_two_letter_spacing__hover_enabled=&#8221;off&#8221; button_bg_color__hover_enabled=&#8221;off&#8221; button_one_bg_color__hover_enabled=&#8221;off&#8221; button_two_bg_color__hover_enabled=&#8221;off&#8221;][\/et_pb_contact_field][et_pb_contact_field field_id=&#8221;Telefono&#8221; field_title=&#8221;xxx&#8221; fullwidth_field=&#8221;on&#8221; _builder_version=&#8221;4.2.2&#8243;][\/et_pb_contact_field][et_pb_contact_field field_id=&#8221;Mensaje&#8221; field_title=&#8221;xxx&#8221; field_type=&#8221;text&#8221; fullwidth_field=&#8221;on&#8221; _builder_version=&#8221;4.2.2&#8243; button_text_size__hover_enabled=&#8221;off&#8221; button_one_text_size__hover_enabled=&#8221;off&#8221; button_two_text_size__hover_enabled=&#8221;off&#8221; button_text_color__hover_enabled=&#8221;off&#8221; button_one_text_color__hover_enabled=&#8221;off&#8221; button_two_text_color__hover_enabled=&#8221;off&#8221; button_border_width__hover_enabled=&#8221;off&#8221; button_one_border_width__hover_enabled=&#8221;off&#8221; button_two_border_width__hover_enabled=&#8221;off&#8221; button_border_color__hover_enabled=&#8221;off&#8221; button_one_border_color__hover_enabled=&#8221;off&#8221; button_two_border_color__hover_enabled=&#8221;off&#8221; button_border_radius__hover_enabled=&#8221;off&#8221; button_one_border_radius__hover_enabled=&#8221;off&#8221; button_two_border_radius__hover_enabled=&#8221;off&#8221; button_letter_spacing__hover_enabled=&#8221;off&#8221; button_one_letter_spacing__hover_enabled=&#8221;off&#8221; button_two_letter_spacing__hover_enabled=&#8221;off&#8221; button_bg_color__hover_enabled=&#8221;off&#8221; button_one_bg_color__hover_enabled=&#8221;off&#8221; button_two_bg_color__hover_enabled=&#8221;off&#8221;][\/et_pb_contact_field][et_pb_contact_field field_id=&#8221;rgpd&#8221; field_title=&#8221;xxx&#8221; field_type=&#8221;checkbox&#8221; checkbox_options=&#8221;%91{%22value%22:%22I accept the Privacy Policy of this website%22,%22checked%22:0,%22dragID%22:-1,%22link_url%22:%22https:\\\/\\\/www.cherifchalakani.com\\\/politica-privacidad-nota-legal\\\/%22,%22link_text%22:%22%22}%93&#8243; fullwidth_field=&#8221;on&#8221; _builder_version=&#8221;4.2.2&#8243;][\/et_pb_contact_field][\/et_pb_contact_form][\/et_pb_column][\/et_pb_row][\/et_pb_section][et_pb_section fb_built=&#8221;1&#8243; _builder_version=&#8221;3.22.3&#8243; min_height=&#8221;661px&#8221; custom_margin=&#8221;50px|||||&#8221; custom_padding=&#8221;20px|0px|29px|0px|false|false&#8221;][et_pb_row admin_label=&#8221;Section Title&#8221; _builder_version=&#8221;4.2.2&#8243; background_color=&#8221;#e8e8e8&#8243; width=&#8221;100%&#8221; module_alignment=&#8221;center&#8221; custom_margin=&#8221;|||&#8221; custom_padding=&#8221;34px|0px|0px|0px|false|false&#8221; locked=&#8221;off&#8221;][et_pb_column type=&#8221;4_4&#8243; _builder_version=&#8221;3.25&#8243; custom_padding=&#8221;|||&#8221; custom_padding__hover=&#8221;|||&#8221;][et_pb_text admin_label=&#8221;MODULOS&#8221; _builder_version=&#8221;4.2.2&#8243; header_2_font=&#8221;Montserrat|600||on|||||&#8221; header_2_text_align=&#8221;center&#8221; header_2_font_size=&#8221;30px&#8221; custom_margin=&#8221;||5px|&#8221; custom_padding=&#8221;|1px|||false|false&#8221; custom_padding_tablet=&#8221;&#8221; custom_padding_phone=&#8221;|7px||7px|false|false&#8221; custom_padding_last_edited=&#8221;on|desktop&#8221; animation_style=&#8221;slide&#8221; animation_direction=&#8221;top&#8221; animation_intensity_slide=&#8221;20%&#8221; animation_starting_opacity=&#8221;100%&#8221;]<\/p>\n<h2>xxxxx<\/h2>\n<p>[\/et_pb_text][et_pb_divider color=&#8221;#f46624&#8243; divider_weight=&#8221;3px&#8221; _builder_version=&#8221;3.5.1&#8243; max_width=&#8221;23px&#8221; module_alignment=&#8221;center&#8221; custom_margin=&#8221;||25px|&#8221; animation_style=&#8221;slide&#8221; animation_direction=&#8221;top&#8221; animation_intensity_slide=&#8221;20%&#8221; animation_starting_opacity=&#8221;100%&#8221;]<br \/>\n[\/et_pb_divider][\/et_pb_column][\/et_pb_row][et_pb_row admin_label=&#8221;Service Area&#8221; _builder_version=&#8221;4.2.2&#8243; background_color=&#8221;#f7f7f7&#8243; module_alignment=&#8221;center&#8221; custom_margin=&#8221;15px|auto|11px|auto||&#8221; custom_padding=&#8221;27px|0px|0px|0px|false|false&#8221; link_option_url=&#8221;https:\/\/www.cherifchalakani.com\/evento\/espacios-nacientes-galicia\/&#8221;][et_pb_column type=&#8221;4_4&#8243; _builder_version=&#8221;4.2.2&#8243; custom_padding=&#8221;|||&#8221; custom_padding__hover=&#8221;|||&#8221;][et_pb_blurb title=&#8221;Intensive Workshops Espacios Nacientes&#8221; use_icon=&#8221;on&#8221; font_icon=&#8221;%%28%%&#8221; icon_color=&#8221;#898989&#8243; icon_placement=&#8221;left&#8221; content_max_width=&#8221;450px&#8221; _builder_version=&#8221;4.7.7&#8243; header_font=&#8221;Montserrat|600|||||||&#8221; header_font_size=&#8221;20px&#8221; body_font_size=&#8221;16px&#8221; body_line_height=&#8221;1.8em&#8221; module_alignment=&#8221;center&#8221; min_height=&#8221;339px&#8221; custom_margin=&#8221;||18px|13px|false|false&#8221; custom_padding=&#8221;8px||0px|10px|false|false&#8221; custom_padding_tablet=&#8221;&#8221; custom_padding_phone=&#8221;&#8221; custom_padding_last_edited=&#8221;on|desktop&#8221; animation_style=&#8221;fold&#8221; animation_direction=&#8221;bottom&#8221; animation_intensity_fold=&#8221;20%&#8221; animation_starting_opacity=&#8221;100%&#8221;]<\/p>\n<ul>\n<li><span style=\"color: #f46624\"><strong>Residentials:<\/strong><\/span><br \/><span><a href=\"https:\/\/www.cherifchalakani.com\/evento\/espacios-nacientes-taller-no-residencial-barcelona\/\">La Plana<\/a>: <br \/><\/span><span><a href=\"https:\/\/www.cherifchalakani.com\/evento\/espacios-nacientes-taller-residencial-huesca\/\">Huesca: <\/a>21-24\/10\/2021<br \/><\/span><span><a href=\"https:\/\/www.cherifchalakani.com\/evento\/espacios-nacientes-galicia\/\">Galicia:<\/a> 23-26\/06\/2022<br \/> <a href=\"https:\/\/www.cherifchalakani.com\/evento\/espacios-nacientes-tepoztlan-morelos-mexico\/\">Tepoztl\u00e1n (M\u00e9xico)<\/a>: 15-19\/12\/2021<\/span><\/li>\n<\/ul>\n<p><a href=\"https:\/\/www.cherifchalakani.com\/evento\/espacios-nacienets-taller-residencial-ibiza\/\"><\/a><\/p>\n<ul>\n<li><span style=\"color: #f46624\">++<strong>++++++++<\/strong><\/span><br \/> None<\/li>\n<\/ul>\n<p>[\/et_pb_blurb][\/et_pb_column][\/et_pb_row][\/et_pb_section][et_pb_section fb_built=&#8221;1&#8243; admin_label=&#8221;CTA Section&#8221; _builder_version=&#8221;4.2.2&#8243; background_color=&#8221;#8FBDD9&#8243; custom_margin=&#8221;||0px||false|false&#8221; custom_padding=&#8221;74px||74px||false|false&#8221;][et_pb_row admin_label=&#8221;CTA Area&#8221; _builder_version=&#8221;3.25&#8243; locked=&#8221;off&#8221;][et_pb_column type=&#8221;4_4&#8243; _builder_version=&#8221;3.25&#8243; custom_padding=&#8221;|||&#8221; custom_padding__hover=&#8221;|||&#8221;][et_pb_text _builder_version=&#8221;4.2.2&#8243; text_font=&#8221;Montserrat||||||||&#8221; text_text_color=&#8221;#333333&#8243; text_font_size=&#8221;44px&#8221; text_line_height=&#8221;1.5em&#8221; text_orientation=&#8221;center&#8221; module_alignment=&#8221;center&#8221; custom_padding=&#8221;||20px|&#8221; animation_style=&#8221;flip&#8221; animation_direction=&#8221;top&#8221; animation_intensity_flip=&#8221;20%&#8221; animation_starting_opacity=&#8221;100%&#8221; text_font_size_tablet=&#8221;48px&#8221; text_font_size_phone=&#8221;40px&#8221; text_font_size_last_edited=&#8221;on|phone&#8221;]<\/p>\n<p>Other workshops &amp; seminars<\/p>\n<p>[\/et_pb_text][et_pb_button button_url=&#8221;https:\/\/www.cherifchalakani.com\/eventos-y-calendario\/&#8221; button_text=&#8221;Check the dates&#8221; button_alignment=&#8221;center&#8221; _builder_version=&#8221;4.2.2&#8243; custom_button=&#8221;on&#8221; button_text_size=&#8221;16px&#8221; button_text_color=&#8221;#ffffff&#8221; button_bg_color=&#8221;#5b97c0&#8243; button_border_width=&#8221;0px&#8221; button_border_color=&#8221;#ffffff&#8221; button_letter_spacing=&#8221;2px&#8221; button_font=&#8221;Montserrat|600||on|||||&#8221; custom_margin=&#8221;|||&#8221; custom_padding=&#8221;12px||12px|&#8221; animation_style=&#8221;fade&#8221; animation_direction=&#8221;right&#8221; button_letter_spacing_hover=&#8221;2px&#8221; button_text_size__hover_enabled=&#8221;off&#8221; button_one_text_size__hover_enabled=&#8221;off&#8221; button_two_text_size__hover_enabled=&#8221;off&#8221; button_text_color__hover_enabled=&#8221;off&#8221; button_one_text_color__hover_enabled=&#8221;off&#8221; button_two_text_color__hover_enabled=&#8221;off&#8221; button_border_width__hover_enabled=&#8221;off&#8221; button_one_border_width__hover_enabled=&#8221;off&#8221; button_two_border_width__hover_enabled=&#8221;off&#8221; button_border_color__hover_enabled=&#8221;off&#8221; button_one_border_color__hover_enabled=&#8221;off&#8221; button_two_border_color__hover_enabled=&#8221;off&#8221; button_border_radius__hover_enabled=&#8221;off&#8221; button_one_border_radius__hover_enabled=&#8221;off&#8221; button_two_border_radius__hover_enabled=&#8221;off&#8221; button_letter_spacing__hover_enabled=&#8221;on&#8221; button_letter_spacing__hover=&#8221;2px&#8221; button_one_letter_spacing__hover_enabled=&#8221;off&#8221; button_two_letter_spacing__hover_enabled=&#8221;off&#8221; button_bg_color__hover_enabled=&#8221;off&#8221; button_one_bg_color__hover_enabled=&#8221;off&#8221; button_two_bg_color__hover_enabled=&#8221;off&#8221;]<br \/>\n[\/et_pb_button][\/et_pb_column][\/et_pb_row][\/et_pb_section]<\/p>\n","protected":false},"excerpt":{"rendered":"<p>Espacios Nacientes, with Cherif Chalakani. 5\u00aa year Cycle of 5 meetings<\/p>\n","protected":false},"author":1,"featured_media":0,"parent":0,"menu_order":0,"comment_status":"closed","ping_status":"closed","template":"","meta":{"_et_pb_use_builder":"on","_et_pb_old_content":"","_et_gb_content_width":"","footnotes":""},"class_list":["post-4859","page","type-page","status-publish","hentry"],"aioseo_notices":[],"_links":{"self":[{"href":"https:\/\/www.cherifchalakani.com\/en\/wp-json\/wp\/v2\/pages\/4859","targetHints":{"allow":["GET"]}}],"collection":[{"href":"https:\/\/www.cherifchalakani.com\/en\/wp-json\/wp\/v2\/pages"}],"about":[{"href":"https:\/\/www.cherifchalakani.com\/en\/wp-json\/wp\/v2\/types\/page"}],"author":[{"embeddable":true,"href":"https:\/\/www.cherifchalakani.com\/en\/wp-json\/wp\/v2\/users\/1"}],"replies":[{"embeddable":true,"href":"https:\/\/www.cherifchalakani.com\/en\/wp-json\/wp\/v2\/comments?post=4859"}],"version-history":[{"count":12,"href":"https:\/\/www.cherifchalakani.com\/en\/wp-json\/wp\/v2\/pages\/4859\/revisions"}],"predecessor-version":[{"id":5034,"href":"https:\/\/www.cherifchalakani.com\/en\/wp-json\/wp\/v2\/pages\/4859\/revisions\/5034"}],"wp:attachment":[{"href":"https:\/\/www.cherifchalakani.com\/en\/wp-json\/wp\/v2\/media?parent=4859"}],"curies":[{"name":"wp","href":"https:\/\/api.w.org\/{rel}","templated":true}]}}